{"id":18972,"date":"2025-07-14T11:15:27","date_gmt":"2025-07-14T11:15:27","guid":{"rendered":"https:\/\/dpsample.com\/wp_themes\/skinetic\/?page_id=18972"},"modified":"2026-04-17T10:12:46","modified_gmt":"2026-04-17T10:12:46","slug":"stylists-profile","status":"publish","type":"page","link":"https:\/\/sara-beauty.de\/?page_id=18972","title":{"rendered":"Akademie"},"content":{"rendered":"\t\t<div data-elementor-type=\"wp-page\" data-elementor-id=\"18972\" class=\"elementor elementor-18972\">\n\t\t\t\t<div class=\"elementor-element elementor-element-99e8a31 e-flex e-con-boxed e-con e-parent\" data-id=\"99e8a31\" data-element_type=\"container\" data-e-type=\"container\" data-settings=\"{&quot;background_background&quot;:&quot;classic&quot;}\">\n\t\t\t\t\t<div class=\"e-con-inner\">\n\t\t<div class=\"elementor-element elementor-element-aef825a e-con-full e-flex e-con e-child\" data-id=\"aef825a\" data-element_type=\"container\" data-e-type=\"container\">\n\t\t<div class=\"elementor-element elementor-element-2398de2 e-con-full e-flex e-con e-child\" data-id=\"2398de2\" data-element_type=\"container\" data-e-type=\"container\">\n\t\t\t\t<div class=\"elementor-element elementor-element-b6fe886 elementor-widget elementor-widget-iheading\" data-id=\"b6fe886\" data-element_type=\"widget\" data-e-type=\"widget\" data-widget_type=\"iheading.default\">\n\t\t\t\t<div class=\"elementor-widget-container\">\n\t\t\t\t\t\t\t<div class=\"xp-heading\">\r\n\t        <span class=\"\">Vor-Ort- und Online-Schulung<\/span>\t        <h2 class=\"main-head\">Akademie<\/h2>\t    <\/div>\r\n\t    \t\t\t\t<\/div>\n\t\t\t\t<\/div>\n\t\t\t\t<\/div>\n\t\t\t\t<\/div>\n\t\t\t\t\t<\/div>\n\t\t\t\t<\/div>\n\t\t<div class=\"elementor-element elementor-element-a6741fc e-flex e-con-boxed e-con e-parent\" data-id=\"a6741fc\" data-element_type=\"container\" data-e-type=\"container\">\n\t\t\t\t\t<div class=\"e-con-inner\">\n\t\t\t\t<div class=\"elementor-element elementor-element-2de84b7 elementor-widget elementor-widget-iheading\" data-id=\"2de84b7\" data-element_type=\"widget\" data-e-type=\"widget\" data-widget_type=\"iheading.default\">\n\t\t\t\t<div class=\"elementor-widget-container\">\n\t\t\t\t\t\t\t<div class=\"xp-heading\">\r\n\t        <span class=\"\">Starte deine Beauty-Karriere<\/span>\t        <h2 class=\"main-head\">Alles, was du f\u00fcr deinen Start in die Selbstst\u00e4ndigkeit brauchst!<\/h2>\t    <\/div>\r\n\t    \t\t\t\t<\/div>\n\t\t\t\t<\/div>\n\t\t<div class=\"elementor-element elementor-element-688aac1 e-con-full e-flex e-con e-child\" data-id=\"688aac1\" data-element_type=\"container\" data-e-type=\"container\">\n\t\t<div class=\"elementor-element elementor-element-83c976d e-con-full box_cardss e-flex e-con e-child\" data-id=\"83c976d\" data-element_type=\"container\" data-e-type=\"container\">\n\t\t\t\t<div class=\"elementor-element elementor-element-f061e5e elementor-widget elementor-widget-iheading\" data-id=\"f061e5e\" data-element_type=\"widget\" data-e-type=\"widget\" data-widget_type=\"iheading.default\">\n\t\t\t\t<div class=\"elementor-widget-container\">\n\t\t\t\t\t\t\t<div class=\"xp-heading\">\r\n\t        <span class=\"\">Unsere<\/span>\t        <h2 class=\"main-head\">Vor-Ort-Schulung<\/h2>\t    <\/div>\r\n\t    \t\t\t\t<\/div>\n\t\t\t\t<\/div>\n\t\t\t\t<div class=\"elementor-element elementor-element-73e0b82 elementor-widget__width-initial elementor-widget elementor-widget-text-editor\" data-id=\"73e0b82\" data-element_type=\"widget\" data-e-type=\"widget\" data-widget_type=\"text-editor.default\">\n\t\t\t\t\t\t\t\t\t<section class=\"banner section-background section-background-overlay section__content-alignment--center section--has-additional-prices banner___c3258\" data-preview-item=\"banner\" data-section-uid=\"a079ee2d91\"><div class=\"banner__container banner__container--medium\"><div class=\"banner__wrapper\"><article class=\"section__content section__content___c3258\"><header class=\"section__headings section__headings___c3258\"><p class=\"section__subheading section__subheading___c3258\">Lerne die neuesten Techniken vor Ort in Frankfurt am Main und erhalte praxisnahes Training von Experten.<\/p><p>Unsere Schulungen im Studio in Frankfurt am Main bieten dir praxisorientiertes Training in einem professionellen Umfeld. Lerne die neuesten Techniken f\u00fcr Wimpernverl\u00e4ngerungen, Wimpernliftings und Browextensions direkt vor Ort, verbessere deine F\u00e4higkeiten und erlerne alles von Grund auf. Mit unserem Kurs bist du bestens vorbereitet, um deine eigene Beauty-Behandlung oder Selbstst\u00e4ndigkeit im Bereich Augenbrauen und Wimpern zu starten.<\/p><\/header><\/article><\/div><\/div><\/section>\t\t\t\t\t\t\t\t<\/div>\n\t\t\t\t<div class=\"elementor-element elementor-element-2f0326d elementor-align-center elementor-widget elementor-widget-ibutton\" data-id=\"2f0326d\" data-element_type=\"widget\" data-e-type=\"widget\" data-widget_type=\"ibutton.default\">\n\t\t\t\t<div class=\"elementor-widget-container\">\n\t\t\t\t\t        <div class=\"xp-button\">\r\n            <a href=\"https:\/\/sara-beauty.de\/?product_cat=vor-ort-schulung\" class=\"xptf-btn xptf-btn-border\" data-hover=\"Zur Vor-Ort-Schulung\">\r\n                                \r\n                <span class=\"btn-text\">Zur Vor-Ort-Schulung<\/span>\r\n                \r\n                            <\/a>\r\n        <\/div>\r\n        \t\t\t\t<\/div>\n\t\t\t\t<\/div>\n\t\t\t\t<\/div>\n\t\t<div class=\"elementor-element elementor-element-6be5780 e-con-full box_cardss e-flex e-con e-child\" data-id=\"6be5780\" data-element_type=\"container\" data-e-type=\"container\">\n\t\t\t\t<div class=\"elementor-element elementor-element-a28f620 elementor-widget elementor-widget-iheading\" data-id=\"a28f620\" data-element_type=\"widget\" data-e-type=\"widget\" data-widget_type=\"iheading.default\">\n\t\t\t\t<div class=\"elementor-widget-container\">\n\t\t\t\t\t\t\t<div class=\"xp-heading\">\r\n\t        <span class=\"\">Unsere<\/span>\t        <h2 class=\"main-head\">Online-Schulung<\/h2>\t    <\/div>\r\n\t    \t\t\t\t<\/div>\n\t\t\t\t<\/div>\n\t\t\t\t<div class=\"elementor-element elementor-element-94dbccb elementor-widget__width-initial elementor-widget elementor-widget-text-editor\" data-id=\"94dbccb\" data-element_type=\"widget\" data-e-type=\"widget\" data-widget_type=\"text-editor.default\">\n\t\t\t\t\t\t\t\t\t<p>Lerne die neuesten Techniken flexibel online mit praxisnahem Training von Experten.<\/p><p>Unsere Online-Schulungen bieten dir praxisorientiertes Training in einem professionellen Umfeld. Lerne die neuesten Techniken f\u00fcr Wimpernverl\u00e4ngerungen, Wimpernliftings und Browextensions bequem online, verbessere deine F\u00e4higkeiten und erlerne alles von Grund auf. Mit unserem Kurs bist du bestens vorbereitet, um deine eigene Beauty-Behandlung oder Selbstst\u00e4ndigkeit im Bereich Augenbrauen und Wimpern zu starten.<\/p>\t\t\t\t\t\t\t\t<\/div>\n\t\t\t\t<div class=\"elementor-element elementor-element-b19e104 elementor-widget elementor-widget-iheading\" data-id=\"b19e104\" data-element_type=\"widget\" data-e-type=\"widget\" data-widget_type=\"iheading.default\">\n\t\t\t\t<div class=\"elementor-widget-container\">\n\t\t\t\t\t\t\t<div class=\"xp-heading\">\r\n\t        \t        <h4 class=\"main-head\">Coming Soon - Bald verf\u00fcgbar<\/h4>\t    <\/div>\r\n\t    \t\t\t\t<\/div>\n\t\t\t\t<\/div>\n\t\t\t\t<\/div>\n\t\t\t\t<\/div>\n\t\t\t\t\t<\/div>\n\t\t\t\t<\/div>\n\t\t<div class=\"elementor-element elementor-element-8e00e53 e-flex e-con-boxed e-con e-parent\" data-id=\"8e00e53\" data-element_type=\"container\" data-e-type=\"container\" data-settings=\"{&quot;background_background&quot;:&quot;video&quot;,&quot;background_video_link&quot;:&quot;https:\\\/\\\/dpsample.com\\\/wp_themes\\\/polishe\\\/wp-content\\\/uploads\\\/2025\\\/11\\\/envato_video_gen_Nov_10_2025_19_55_28.mp4&quot;,&quot;background_play_on_mobile&quot;:&quot;yes&quot;}\">\n\t\t\t\t\t<div class=\"e-con-inner\">\n\t\t<div class=\"elementor-background-video-container\">\n\t\t\t\t\t\t\t<video class=\"elementor-background-video-hosted\" role=\"presentation\" autoplay muted playsinline loop><\/video>\n\t\t\t\t\t<\/div><div class=\"elementor-element elementor-element-76e691f e-con-full e-flex e-con e-child\" data-id=\"76e691f\" data-element_type=\"container\" data-e-type=\"container\">\n\t\t<div class=\"elementor-element elementor-element-eb5b537 e-con-full e-flex e-con e-child\" data-id=\"eb5b537\" data-element_type=\"container\" data-e-type=\"container\">\n\t\t\t\t<div class=\"elementor-element elementor-element-dd4e511 elementor-widget elementor-widget-iheading\" data-id=\"dd4e511\" data-element_type=\"widget\" data-e-type=\"widget\" data-widget_type=\"iheading.default\">\n\t\t\t\t<div class=\"elementor-widget-container\">\n\t\t\t\t\t\t\t<div class=\"xp-heading\">\r\n\t        \t        <h2 class=\"main-head\">Starte deine Selbstst\u00e4ndigkeit!<\/h2>\t    <\/div>\r\n\t    \t\t\t\t<\/div>\n\t\t\t\t<\/div>\n\t\t\t\t<\/div>\n\t\t\t\t<\/div>\n\t\t\t\t\t<\/div>\n\t\t\t\t<\/div>\n\t\t\t\t<\/div>\n\t\t","protected":false},"excerpt":{"rendered":"<p>Vor-Ort- und Online-Schulung Akademie Starte deine Beauty-Karriere Alles, was du f\u00fcr deinen Start in die Selbstst\u00e4ndigkeit brauchst! Unsere Vor-Ort-Schulung Lerne die neuesten Techniken vor Ort in Frankfurt am Main und erhalte praxisnahes Training von Experten. Unsere Schulungen im Studio in Frankfurt am Main bieten dir praxisorientiertes Training in einem professionellen Umfeld. Lerne die neuesten Techniken [&hellip;]<\/p>\n","protected":false},"author":1,"featured_media":0,"parent":19666,"menu_order":0,"comment_status":"closed","ping_status":"closed","template":"","meta":{"footnotes":""},"class_list":["post-18972","page","type-page","status-publish","hentry"],"_links":{"self":[{"href":"https:\/\/sara-beauty.de\/index.php?rest_route=\/wp\/v2\/pages\/18972","targetHints":{"allow":["GET"]}}],"collection":[{"href":"https:\/\/sara-beauty.de\/index.php?rest_route=\/wp\/v2\/pages"}],"about":[{"href":"https:\/\/sara-beauty.de\/index.php?rest_route=\/wp\/v2\/types\/page"}],"author":[{"embeddable":true,"href":"https:\/\/sara-beauty.de\/index.php?rest_route=\/wp\/v2\/users\/1"}],"replies":[{"embeddable":true,"href":"https:\/\/sara-beauty.de\/index.php?rest_route=%2Fwp%2Fv2%2Fcomments&post=18972"}],"version-history":[{"count":51,"href":"https:\/\/sara-beauty.de\/index.php?rest_route=\/wp\/v2\/pages\/18972\/revisions"}],"predecessor-version":[{"id":26006,"href":"https:\/\/sara-beauty.de\/index.php?rest_route=\/wp\/v2\/pages\/18972\/revisions\/26006"}],"up":[{"embeddable":true,"href":"https:\/\/sara-beauty.de\/index.php?rest_route=\/wp\/v2\/pages\/19666"}],"wp:attachment":[{"href":"https:\/\/sara-beauty.de\/index.php?rest_route=%2Fwp%2Fv2%2Fmedia&parent=18972"}],"curies":[{"name":"wp","href":"https:\/\/api.w.org\/{rel}","templated":true}]}}