{"id":25412,"date":"2026-04-10T08:23:25","date_gmt":"2026-04-10T08:23:25","guid":{"rendered":"https:\/\/sara-beauty.de\/?page_id=25412"},"modified":"2026-04-15T10:37:19","modified_gmt":"2026-04-15T10:37:19","slug":"impressum","status":"publish","type":"page","link":"https:\/\/sara-beauty.de\/?page_id=25412","title":{"rendered":"Impressum"},"content":{"rendered":"\t\t<div data-elementor-type=\"wp-page\" data-elementor-id=\"25412\" class=\"elementor elementor-25412\">\n\t\t\t\t<div class=\"elementor-element elementor-element-2945e9f e-flex e-con-boxed e-con e-parent\" data-id=\"2945e9f\" data-element_type=\"container\" data-e-type=\"container\" data-settings=\"{&quot;background_background&quot;:&quot;classic&quot;}\">\n\t\t\t\t\t<div class=\"e-con-inner\">\n\t\t<div class=\"elementor-element elementor-element-c537b62 e-con-full e-flex e-con e-child\" data-id=\"c537b62\" data-element_type=\"container\" data-e-type=\"container\">\n\t\t<div class=\"elementor-element elementor-element-6668ab5 e-con-full e-flex e-con e-child\" data-id=\"6668ab5\" data-element_type=\"container\" data-e-type=\"container\">\n\t\t\t\t<div class=\"elementor-element elementor-element-0df5323 elementor-widget elementor-widget-iheading\" data-id=\"0df5323\" data-element_type=\"widget\" data-e-type=\"widget\" data-widget_type=\"iheading.default\">\n\t\t\t\t<div class=\"elementor-widget-container\">\n\t\t\t\t\t\t\t<div class=\"xp-heading\">\r\n\t        \t        <h2 class=\"main-head\">Impressum<\/h2>\t    <\/div>\r\n\t    \t\t\t\t<\/div>\n\t\t\t\t<\/div>\n\t\t\t\t<\/div>\n\t\t\t\t<\/div>\n\t\t\t\t\t<\/div>\n\t\t\t\t<\/div>\n\t\t<div class=\"elementor-element elementor-element-5aaafa4b e-flex e-con-boxed e-con e-parent\" data-id=\"5aaafa4b\" data-element_type=\"container\" data-e-type=\"container\">\n\t\t\t\t\t<div class=\"e-con-inner\">\n\t\t\t\t<div class=\"elementor-element elementor-element-d534ed8 elementor-widget elementor-widget-spacer\" data-id=\"d534ed8\" data-element_type=\"widget\" data-e-type=\"widget\" data-widget_type=\"spacer.default\">\n\t\t\t\t\t\t\t<div class=\"elementor-spacer\">\n\t\t\t<div class=\"elementor-spacer-inner\"><\/div>\n\t\t<\/div>\n\t\t\t\t\t\t<\/div>\n\t\t\t\t<div class=\"elementor-element elementor-element-625a944e elementor-widget elementor-widget-text-editor\" data-id=\"625a944e\" data-element_type=\"widget\" data-e-type=\"widget\" data-widget_type=\"text-editor.default\">\n\t\t\t\t\t\t\t\t\t\n<h2 class=\"font_2 wixui-rich-text__text wp-block-heading\">IMPRESSUM<\/h2>\n\n<p>Vielen Dank f\u00fcr Ihr Interesse an unseren Dienstleistungen und dem Unternehmen Sara Beauty im Allgemeinen. Gerne Informieren wir Sie nach \u00a7 5 TMG in unserem Impressum.<\/p>\n<p>Angaben gem\u00e4\u00df \u00a7 5 TMG:<\/p>\n<p>Sara Beauty<br \/>Burgstra\u00dfe 78,<br \/>60389 Frankfurt am Main<br \/>Deutschland<\/p>\n<p>Inhaberin:<br \/>Sara Drkzanle<\/p>\n<p>\u200bKontakt:<br \/>Telefon: +49 1525 985 5953<br \/>Email: info@sara-beauty.de<br \/>Website: www.sara-beauty.de<\/p>\n<p>Steuernummer:<br \/>014 813 36935<\/p>\n\n<h2 class=\"wp-block-heading\"><br \/>Haftungshinweis<\/h2>\n\n<p>Trotz sorgf\u00e4ltiger inhaltlicher Kontrolle \u00fcbernehmen wir keine Haftung f\u00fcr die Inhalte externer Links oder Medien. F\u00fcr den Inhalt der verlinkten Seiten sind ausschlie\u00dflich deren Betreiber verantwortlich. S\u00e4mtliche angebotenen Informationen d\u00fcrfen \u2013 auch auszugsweise \u2013 nur mit schriftlicher Genehmigung von Sara Beauty weiterverbreitet oder anderweitig ver\u00f6ffentlicht werden.<\/p>\n<p>In keinem Fall ist es gestattet, die abgerufenen Informationen online oder in anderen Medien weiterzuverbreiten oder kommerziell ohne schriftliche Genehmigung zu nutzen!<\/p>\n<p>Sara Beauty beh\u00e4lt sich das Recht vor, ohne vorherige Ank\u00fcndigung Erg\u00e4nzungen oder auch L\u00f6schungen der bereitgestellten Informationen vorzunehmen oder diese zu entfernen.<\/p>\n<p>Auf keinen Fall haftet Sara Beauty f\u00fcr Sch\u00e4den, die durch fehlende Nutzungsm\u00f6glichkeiten oder Datenverluste im Zusammenhang mit der Nutzung von Dokumenten oder Informationen bzw. der Erbringung von Dienstleistungen entstehen, die auf dieser Website zug\u00e4nglich sind.<\/p>\n<p>\u200bVerantwortlich f\u00fcr den Inhalt gem\u00e4\u00df \u00a7 18 Abs. 2 MStV:<br \/>Sara Drkzanle, Burgstra\u00dfe 78, 60389 Frankfurt am Main<\/p>\n<h2 class=\"wp-block-heading\"><br \/>Streitbeilegung<\/h2>\n<p><\/p>\n<p class=\"font_8 wixui-rich-text__text\">Die Europ\u00e4ische Kommission stellt eine Plattform zur Online-Streitbeilegung (OS) bereit.<\/p>\n<p class=\"font_8 wixui-rich-text__text\">Die Plattform finden Sie unter:\u00a0<br \/><span class=\"wixui-rich-text__text\"><a class=\"wixui-rich-text__text\" href=\"http:\/\/ec.europa.eu\/consumers\/odr\/\" target=\"_blank\" rel=\"noreferrer noopener\">http:\/\/ec.europa.eu\/consumers\/odr\/<\/a><\/span><\/p>\n<p class=\"font_8 wixui-rich-text__text\">Als Kunde haben Sie jederzeit die M\u00f6glichkeit, die Schlichtungsstelle der Europ\u00e4ischen Kommission zu kontaktieren. Wir sind nicht bereit oder verpflichtet, an Streitbeilegungsverfahren vor einer Verbraucherschlichtungsstelle der Europ\u00e4ischen Kommission teilzunehmen.<\/p>\n\t\t\t\t\t\t\t\t<\/div>\n\t\t\t\t<div class=\"elementor-element elementor-element-62ab1f1 elementor-widget elementor-widget-spacer\" data-id=\"62ab1f1\" data-element_type=\"widget\" data-e-type=\"widget\" data-widget_type=\"spacer.default\">\n\t\t\t\t\t\t\t<div class=\"elementor-spacer\">\n\t\t\t<div class=\"elementor-spacer-inner\"><\/div>\n\t\t<\/div>\n\t\t\t\t\t\t<\/div>\n\t\t\t\t\t<\/div>\n\t\t\t\t<\/div>\n\t\t\t\t<\/div>\n\t\t","protected":false},"excerpt":{"rendered":"<p>Impressum IMPRESSUM Vielen Dank f\u00fcr Ihr Interesse an unseren Dienstleistungen und dem Unternehmen Sara Beauty im Allgemeinen. Gerne Informieren wir Sie nach \u00a7 5 TMG in unserem Impressum. Angaben gem\u00e4\u00df \u00a7 5 TMG: Sara BeautyBurgstra\u00dfe 78,60389 Frankfurt am MainDeutschland Inhaberin:Sara Drkzanle \u200bKontakt:Telefon: +49 1525 985 5953Email: info@sara-beauty.deWebsite: www.sara-beauty.de Steuernummer:014 813 36935 Haftungshinweis Trotz sorgf\u00e4ltiger inhaltlicher [&hellip;]<\/p>\n","protected":false},"author":1,"featured_media":0,"parent":0,"menu_order":0,"comment_status":"closed","ping_status":"closed","template":"","meta":{"footnotes":""},"class_list":["post-25412","page","type-page","status-publish","hentry"],"_links":{"self":[{"href":"https:\/\/sara-beauty.de\/index.php?rest_route=\/wp\/v2\/pages\/25412","targetHints":{"allow":["GET"]}}],"collection":[{"href":"https:\/\/sara-beauty.de\/index.php?rest_route=\/wp\/v2\/pages"}],"about":[{"href":"https:\/\/sara-beauty.de\/index.php?rest_route=\/wp\/v2\/types\/page"}],"author":[{"embeddable":true,"href":"https:\/\/sara-beauty.de\/index.php?rest_route=\/wp\/v2\/users\/1"}],"replies":[{"embeddable":true,"href":"https:\/\/sara-beauty.de\/index.php?rest_route=%2Fwp%2Fv2%2Fcomments&post=25412"}],"version-history":[{"count":30,"href":"https:\/\/sara-beauty.de\/index.php?rest_route=\/wp\/v2\/pages\/25412\/revisions"}],"predecessor-version":[{"id":25886,"href":"https:\/\/sara-beauty.de\/index.php?rest_route=\/wp\/v2\/pages\/25412\/revisions\/25886"}],"wp:attachment":[{"href":"https:\/\/sara-beauty.de\/index.php?rest_route=%2Fwp%2Fv2%2Fmedia&parent=25412"}],"curies":[{"name":"wp","href":"https:\/\/api.w.org\/{rel}","templated":true}]}}