{"id":718,"date":"2024-07-08T06:22:18","date_gmt":"2024-07-08T06:22:18","guid":{"rendered":"https:\/\/dpsample.com\/wp_themes\/restimo\/?page_id=718"},"modified":"2026-04-17T09:05:45","modified_gmt":"2026-04-17T09:05:45","slug":"about-us","status":"publish","type":"page","link":"https:\/\/sara-beauty.de\/?page_id=718","title":{"rendered":"About Us"},"content":{"rendered":"\t\t<div data-elementor-type=\"wp-page\" data-elementor-id=\"718\" class=\"elementor elementor-718\">\n\t\t\t\t<div class=\"elementor-element elementor-element-d6a2431 e-flex e-con-boxed e-con e-parent\" data-id=\"d6a2431\" data-element_type=\"container\" data-e-type=\"container\" data-settings=\"{&quot;background_background&quot;:&quot;classic&quot;}\">\n\t\t\t\t\t<div class=\"e-con-inner\">\n\t\t<div class=\"elementor-element elementor-element-5e2a850 e-con-full e-flex e-con e-child\" data-id=\"5e2a850\" data-element_type=\"container\" data-e-type=\"container\">\n\t\t<div class=\"elementor-element elementor-element-e17a02e e-con-full e-flex e-con e-child\" data-id=\"e17a02e\" data-element_type=\"container\" data-e-type=\"container\">\n\t\t\t\t<div class=\"elementor-element elementor-element-d752876 elementor-widget elementor-widget-iheading\" data-id=\"d752876\" data-element_type=\"widget\" data-e-type=\"widget\" data-widget_type=\"iheading.default\">\n\t\t\t\t<div class=\"elementor-widget-container\">\n\t\t\t\t\t\t\t<div class=\"xp-heading\">\r\n\t        <span class=\"\">Das ist Sara Beauty<\/span>\t        <h2 class=\"main-head\">About<\/h2>\t    <\/div>\r\n\t    \t\t\t\t<\/div>\n\t\t\t\t<\/div>\n\t\t\t\t<\/div>\n\t\t\t\t<\/div>\n\t\t\t\t\t<\/div>\n\t\t\t\t<\/div>\n\t\t<div class=\"elementor-element elementor-element-21c4327 e-con-full e-flex e-con e-parent\" data-id=\"21c4327\" data-element_type=\"container\" data-e-type=\"container\">\n\t\t<div class=\"elementor-element elementor-element-6be8d6a e-con-full e-flex e-con e-child\" data-id=\"6be8d6a\" data-element_type=\"container\" data-e-type=\"container\">\n\t\t<div class=\"elementor-element elementor-element-20a4108 e-con-full e-flex e-con e-child\" data-id=\"20a4108\" data-element_type=\"container\" data-e-type=\"container\">\n\t\t\t\t<div class=\"elementor-element elementor-element-bd16123 elementor-widget elementor-widget-iimage-reveal\" data-id=\"bd16123\" data-element_type=\"widget\" data-e-type=\"widget\" data-widget_type=\"iimage-reveal.default\">\n\t\t\t\t<div class=\"elementor-widget-container\">\n\t\t\t\t\t\t\t<div class=\"xp-image-reveal has-reveal reveal-circle\"  data-reveal-direction=\"circle\" data-reveal-duration=\"\" data-reveal-delay=\"\">\n\t\t\t\t\t\t\t<div class=\"\">\n\t\t\t\t\t<img fetchpriority=\"high\" decoding=\"async\" width=\"720\" height=\"968\" src=\"https:\/\/sara-beauty.de\/wp-content\/uploads\/2025\/11\/image-gen-min.webp\" class=\"attachment-full size-full wp-image-24256\" alt=\"\" srcset=\"https:\/\/sara-beauty.de\/wp-content\/uploads\/2025\/11\/image-gen-min.webp 720w, https:\/\/sara-beauty.de\/wp-content\/uploads\/2025\/11\/image-gen-min-600x807.webp 600w, https:\/\/sara-beauty.de\/wp-content\/uploads\/2025\/11\/image-gen-min-223x300.webp 223w\" sizes=\"(max-width: 720px) 100vw, 720px\" \/>\t\t\t\t<\/div>\n\t\t\t\t\t<\/div>\n\t\t\t\t\t\t<\/div>\n\t\t\t\t<\/div>\n\t\t\t\t<\/div>\n\t\t<div class=\"elementor-element elementor-element-5ee1b47 e-con-full e-flex e-con e-child\" data-id=\"5ee1b47\" data-element_type=\"container\" data-e-type=\"container\">\n\t\t\t\t<div class=\"elementor-element elementor-element-4f2bde8 rotate_anim elementor-widget elementor-widget-text-path\" data-id=\"4f2bde8\" data-element_type=\"widget\" data-e-type=\"widget\" data-settings=\"{&quot;text&quot;:&quot;\\u2736 Sara Beauty FFM \\u2736 LASHES \\u2736 SKIN&quot;,&quot;start_point&quot;:{&quot;unit&quot;:&quot;%&quot;,&quot;size&quot;:&quot;&quot;,&quot;sizes&quot;:[]},&quot;link&quot;:{&quot;url&quot;:&quot;&quot;,&quot;is_external&quot;:&quot;&quot;,&quot;nofollow&quot;:&quot;&quot;,&quot;custom_attributes&quot;:&quot;&quot;}}\" data-widget_type=\"text-path.default\">\n\t\t\t\t\t\t\t<div class=\"e-text-path\" data-text=\"\u2736 Sara Beauty FFM \u2736 LASHES \u2736 SKIN\" data-url=\"\/\/sara-beauty.de\/wp-content\/plugins\/elementor\/assets\/svg-paths\/circle.svg\" data-link-url=\"\"><\/div>\n\t\t\t\t\t\t<\/div>\n\t\t\t\t<div class=\"elementor-element elementor-element-41a3a8a elementor-widget elementor-widget-iheading\" data-id=\"41a3a8a\" data-element_type=\"widget\" data-e-type=\"widget\" data-widget_type=\"iheading.default\">\n\t\t\t\t<div class=\"elementor-widget-container\">\n\t\t\t\t\t\t\t<div class=\"xp-heading\">\r\n\t        <span class=\"\">Das ist Sara Beauty<\/span>\t        <h2 class=\"main-head\">Sch\u00f6nheit, Expertise und Leidenschaft<\/h2>\t    <\/div>\r\n\t    \t\t\t\t<\/div>\n\t\t\t\t<\/div>\n\t\t\t\t<div class=\"elementor-element elementor-element-0f72e9c elementor-widget__width-initial elementor-widget elementor-widget-text-editor\" data-id=\"0f72e9c\" data-element_type=\"widget\" data-e-type=\"widget\" data-widget_type=\"text-editor.default\">\n\t\t\t\t\t\t\t\t\t<p>Hinter SARA BEAUTY stehe ich Sara, ausgebildete Fachkosmetikerin und mehrfach zertifizierte Wimpernstylistin mit fundiertem Fachwissen und langj\u00e4hriger Erfahrung.<\/p><p>Meine Leidenschaft f\u00fcr \u00c4sthetik, Hautgesundheit und Pr\u00e4zision macht mich zur Expertin f\u00fcr Behandlungen rund um Haut, Wimpern und Augenbrauen.<\/p><p>Der Wunsch, meine Leidenschaft zum Beruf zu machen, wurde 2018 Realit\u00e4t.<\/p><p>Seitdem habe ich mir Schritt f\u00fcr Schritt meinen Traum erf\u00fcllt und einen Ort geschaffen, an dem Sch\u00f6nheit, Vertrauen und Wohlbefinden im Mittelpunkt stehen.<\/p><p>SARA BEAUTY steht f\u00fcr hochwertige Behandlungen und individuelle Beratung.<\/p><p>Im Bereich der Wimpernverl\u00e4ngerung bin ich spezialisiert und lege gr\u00f6\u00dften Wert auf hochwertige Produkte, lange Haltbarkeit und die Gesundheit deiner Naturwimpern ganz ohne Verkleben.<\/p><p>Ob nat\u00fcrlicher Look oder ein auff\u00e4lliges, intensives Ergebnis: Ich passe jede Behandlung individuell an deine Augenform und deine W\u00fcnsche an, um das perfekte Ergebnis f\u00fcr dich zu erzielen.<\/p><p>Gerade im Gesichtsbereich ist Vertrauen besonders wichtig. Deshalb lege ich gro\u00dfen Wert auf eine ehrliche und individuelle Beratung und arbeite ausschlie\u00dflich mit hochwertigen, hautfreundlichen Produkten.<\/p><p>Neben meinen Behandlungen gebe ich mein Wissen auch in professionellen Schulungen weiter und unterst\u00fctze angehende Stylistinnen dabei, erfolgreich in der Beauty Branche durchzustarten.<\/p><p>Bei SARA BEAUTY profitierst du von erstklassigen Behandlungen. Hier bist du in zuverl\u00e4ssigen H\u00e4nden.<\/p>\t\t\t\t\t\t\t\t<\/div>\n\t\t\t\t<\/div>\n\t\t\t\t<\/div>\n\t\t\t\t<\/div>\n\t\t<div class=\"elementor-element elementor-element-d74067d e-con-full e-flex e-con e-parent\" data-id=\"d74067d\" data-element_type=\"container\" data-e-type=\"container\">\n\t\t<div class=\"elementor-element elementor-element-d9a043b e-con-full e-flex e-con e-child\" data-id=\"d9a043b\" data-element_type=\"container\" data-e-type=\"container\">\n\t\t<div class=\"elementor-element elementor-element-a9bdebe e-con-full e-flex e-con e-child\" data-id=\"a9bdebe\" data-element_type=\"container\" data-e-type=\"container\">\n\t\t\t\t<div class=\"elementor-element elementor-element-d49b1ff elementor-widget elementor-widget-iimage-reveal\" data-id=\"d49b1ff\" data-element_type=\"widget\" data-e-type=\"widget\" data-widget_type=\"iimage-reveal.default\">\n\t\t\t\t<div class=\"elementor-widget-container\">\n\t\t\t\t\t\t\t<div class=\"xp-image-reveal has-reveal reveal-circle\"  data-reveal-direction=\"circle\" data-reveal-duration=\"\" data-reveal-delay=\"\">\n\t\t\t\t\t\t\t<div class=\"\">\n\t\t\t\t\t<img fetchpriority=\"high\" decoding=\"async\" width=\"720\" height=\"968\" src=\"https:\/\/sara-beauty.de\/wp-content\/uploads\/2025\/11\/image-gen-min.webp\" class=\"attachment-full size-full wp-image-24256\" alt=\"\" srcset=\"https:\/\/sara-beauty.de\/wp-content\/uploads\/2025\/11\/image-gen-min.webp 720w, https:\/\/sara-beauty.de\/wp-content\/uploads\/2025\/11\/image-gen-min-600x807.webp 600w, https:\/\/sara-beauty.de\/wp-content\/uploads\/2025\/11\/image-gen-min-223x300.webp 223w\" sizes=\"(max-width: 720px) 100vw, 720px\" \/>\t\t\t\t<\/div>\n\t\t\t\t\t<\/div>\n\t\t\t\t\t\t<\/div>\n\t\t\t\t<\/div>\n\t\t\t\t<\/div>\n\t\t<div class=\"elementor-element elementor-element-06a1e5b e-con-full e-flex e-con e-child\" data-id=\"06a1e5b\" data-element_type=\"container\" data-e-type=\"container\">\n\t\t\t\t<div class=\"elementor-element elementor-element-25e6784 elementor-widget elementor-widget-iheading\" data-id=\"25e6784\" data-element_type=\"widget\" data-e-type=\"widget\" data-widget_type=\"iheading.default\">\n\t\t\t\t<div class=\"elementor-widget-container\">\n\t\t\t\t\t\t\t<div class=\"xp-heading\">\r\n\t        <span class=\"\">Schulung<\/span>\t        <h2 class=\"main-head\">Master Trainer<\/h2>\t    <\/div>\r\n\t    \t\t\t\t<\/div>\n\t\t\t\t<\/div>\n\t\t\t\t<div class=\"elementor-element elementor-element-7b74110 elementor-widget__width-initial elementor-widget elementor-widget-text-editor\" data-id=\"7b74110\" data-element_type=\"widget\" data-e-type=\"widget\" data-widget_type=\"text-editor.default\">\n\t\t\t\t\t\t\t\t\t<p>Bei SARA BEAUTY geht es um mehr als nur Beauty hier treffen Erfahrung, Wissen und echte Leidenschaft aufeinander.<\/p><p>Als Master Trainerin lege ich gro\u00dfen Wert auf Qualit\u00e4t, sauberes Arbeiten und darauf, mich stetig weiterzuentwickeln.<\/p><p>In meinen Schulungen begleite ich dich Schritt f\u00fcr Schritt und erkl\u00e4re dir alles verst\u00e4ndlich, praxisnah und so, dass du es direkt umsetzen kannst.<\/p><p>Mir ist wichtig, dass du dich sicher f\u00fchlst und mit Selbstvertrauen arbeiten kannst.<\/p><p>Du lernst bei mir nicht nur, perfekte Ergebnisse zu erzielen, sondern bekommst auch alles an die Hand, um erfolgreich in der Beauty-Branche durchzustarten.<\/p><p>SARA BEAUTY steht f\u00fcr Vertrauen, Qualit\u00e4t und Ergebnisse, auf die du stolz sein kannst.<\/p>\t\t\t\t\t\t\t\t<\/div>\n\t\t<div class=\"elementor-element elementor-element-0688e1e e-con-full e-flex e-con e-child\" data-id=\"0688e1e\" data-element_type=\"container\" data-e-type=\"container\">\n\t\t\t\t<div class=\"elementor-element elementor-element-6ad96eb elementor-mobile-align-center elementor-widget elementor-widget-ibutton\" data-id=\"6ad96eb\" data-element_type=\"widget\" data-e-type=\"widget\" data-widget_type=\"ibutton.default\">\n\t\t\t\t<div class=\"elementor-widget-container\">\n\t\t\t\t\t        <div class=\"xp-button\">\r\n            <a href=\"https:\/\/sara-beauty.de\/?page_id=18972\" class=\"xptf-btn xptf-btn-border\" data-hover=\"Zur Plattform!\">\r\n                                \r\n                <span class=\"btn-text\">Zur Plattform!<\/span>\r\n                \r\n                            <\/a>\r\n        <\/div>\r\n        \t\t\t\t<\/div>\n\t\t\t\t<\/div>\n\t\t\t\t<\/div>\n\t\t\t\t<\/div>\n\t\t\t\t<\/div>\n\t\t\t\t<\/div>\n\t\t<div class=\"elementor-element elementor-element-4482327 e-flex e-con-boxed e-con e-parent\" data-id=\"4482327\" data-element_type=\"container\" data-e-type=\"container\" data-settings=\"{&quot;background_background&quot;:&quot;video&quot;,&quot;background_video_link&quot;:&quot;https:\\\/\\\/dpsample.com\\\/wp_themes\\\/polishe\\\/wp-content\\\/uploads\\\/2025\\\/11\\\/envato_video_gen_Nov_10_2025_19_55_28.mp4&quot;,&quot;background_play_on_mobile&quot;:&quot;yes&quot;}\">\n\t\t\t\t\t<div class=\"e-con-inner\">\n\t\t<div class=\"elementor-background-video-container\">\n\t\t\t\t\t\t\t<video class=\"elementor-background-video-hosted\" role=\"presentation\" autoplay muted playsinline loop><\/video>\n\t\t\t\t\t<\/div><div class=\"elementor-element elementor-element-c09d12d e-con-full e-flex e-con e-child\" data-id=\"c09d12d\" data-element_type=\"container\" data-e-type=\"container\">\n\t\t<div class=\"elementor-element elementor-element-174397f e-con-full e-flex e-con e-child\" data-id=\"174397f\" data-element_type=\"container\" data-e-type=\"container\">\n\t\t\t\t<div class=\"elementor-element elementor-element-3cbd519 elementor-widget elementor-widget-iheading\" data-id=\"3cbd519\" data-element_type=\"widget\" data-e-type=\"widget\" data-widget_type=\"iheading.default\">\n\t\t\t\t<div class=\"elementor-widget-container\">\n\t\t\t\t\t\t\t<div class=\"xp-heading\">\r\n\t        \t        <h2 class=\"main-head\">Starte deine Selbstst\u00e4ndigkeit!<\/h2>\t    <\/div>\r\n\t    \t\t\t\t<\/div>\n\t\t\t\t<\/div>\n\t\t\t\t<div class=\"elementor-element elementor-element-8f98251 elementor-align-left elementor-widget elementor-widget-ibutton\" data-id=\"8f98251\" data-element_type=\"widget\" data-e-type=\"widget\" data-widget_type=\"ibutton.default\">\n\t\t\t\t<div class=\"elementor-widget-container\">\n\t\t\t\t\t        <div class=\"xp-button\">\r\n            <a href=\"https:\/\/sara-beauty.de\/?page_id=18972\" class=\"xptf-btn xptf-btn-border\" data-hover=\"Zur Plattform!\">\r\n                                \r\n                <span class=\"btn-text\">Zur Plattform!<\/span>\r\n                \r\n                            <\/a>\r\n        <\/div>\r\n        \t\t\t\t<\/div>\n\t\t\t\t<\/div>\n\t\t\t\t<\/div>\n\t\t\t\t<\/div>\n\t\t\t\t\t<\/div>\n\t\t\t\t<\/div>\n\t\t\t\t<\/div>\n\t\t","protected":false},"excerpt":{"rendered":"<p>Das ist Sara Beauty About Das ist Sara Beauty Sch\u00f6nheit, Expertise und Leidenschaft Hinter SARA BEAUTY stehe ich Sara, ausgebildete Fachkosmetikerin und mehrfach zertifizierte Wimpernstylistin mit fundiertem Fachwissen und langj\u00e4hriger Erfahrung. Meine Leidenschaft f\u00fcr \u00c4sthetik, Hautgesundheit und Pr\u00e4zision macht mich zur Expertin f\u00fcr Behandlungen rund um Haut, Wimpern und Augenbrauen. Der Wunsch, meine Leidenschaft zum [&hellip;]<\/p>\n","protected":false},"author":1,"featured_media":0,"parent":19666,"menu_order":0,"comment_status":"closed","ping_status":"closed","template":"","meta":{"footnotes":""},"class_list":["post-718","page","type-page","status-publish","hentry"],"_links":{"self":[{"href":"https:\/\/sara-beauty.de\/index.php?rest_route=\/wp\/v2\/pages\/718","targetHints":{"allow":["GET"]}}],"collection":[{"href":"https:\/\/sara-beauty.de\/index.php?rest_route=\/wp\/v2\/pages"}],"about":[{"href":"https:\/\/sara-beauty.de\/index.php?rest_route=\/wp\/v2\/types\/page"}],"author":[{"embeddable":true,"href":"https:\/\/sara-beauty.de\/index.php?rest_route=\/wp\/v2\/users\/1"}],"replies":[{"embeddable":true,"href":"https:\/\/sara-beauty.de\/index.php?rest_route=%2Fwp%2Fv2%2Fcomments&post=718"}],"version-history":[{"count":199,"href":"https:\/\/sara-beauty.de\/index.php?rest_route=\/wp\/v2\/pages\/718\/revisions"}],"predecessor-version":[{"id":25989,"href":"https:\/\/sara-beauty.de\/index.php?rest_route=\/wp\/v2\/pages\/718\/revisions\/25989"}],"up":[{"embeddable":true,"href":"https:\/\/sara-beauty.de\/index.php?rest_route=\/wp\/v2\/pages\/19666"}],"wp:attachment":[{"href":"https:\/\/sara-beauty.de\/index.php?rest_route=%2Fwp%2Fv2%2Fmedia&parent=718"}],"curies":[{"name":"wp","href":"https:\/\/api.w.org\/{rel}","templated":true}]}}