{"id":744,"date":"2024-07-08T06:44:56","date_gmt":"2024-07-08T06:44:56","guid":{"rendered":"https:\/\/dpsample.com\/wp_themes\/restimo\/?page_id=744"},"modified":"2026-04-17T10:06:55","modified_gmt":"2026-04-17T10:06:55","slug":"contact-us","status":"publish","type":"page","link":"https:\/\/sara-beauty.de\/?page_id=744","title":{"rendered":"Kontakt"},"content":{"rendered":"\t\t<div data-elementor-type=\"wp-page\" data-elementor-id=\"744\" class=\"elementor elementor-744\">\n\t\t\t\t<div class=\"elementor-element elementor-element-54d88e1 e-flex e-con-boxed e-con e-parent\" data-id=\"54d88e1\" data-element_type=\"container\" data-e-type=\"container\" data-settings=\"{&quot;background_background&quot;:&quot;classic&quot;}\">\n\t\t\t\t\t<div class=\"e-con-inner\">\n\t\t<div class=\"elementor-element elementor-element-f7d782d e-con-full e-flex e-con e-child\" data-id=\"f7d782d\" data-element_type=\"container\" data-e-type=\"container\">\n\t\t<div class=\"elementor-element elementor-element-051e554 e-con-full e-flex e-con e-child\" data-id=\"051e554\" data-element_type=\"container\" data-e-type=\"container\">\n\t\t\t\t<div class=\"elementor-element elementor-element-1d485cc elementor-widget elementor-widget-iheading\" data-id=\"1d485cc\" data-element_type=\"widget\" data-e-type=\"widget\" data-widget_type=\"iheading.default\">\n\t\t\t\t<div class=\"elementor-widget-container\">\n\t\t\t\t\t\t\t<div class=\"xp-heading\">\r\n\t        <span class=\"\">Das ist Sara Beauty<\/span>\t        <h2 class=\"main-head\">Kontakt<\/h2>\t    <\/div>\r\n\t    \t\t\t\t<\/div>\n\t\t\t\t<\/div>\n\t\t\t\t<\/div>\n\t\t\t\t<\/div>\n\t\t\t\t\t<\/div>\n\t\t\t\t<\/div>\n\t\t<div class=\"elementor-element elementor-element-2f969c7 e-flex e-con-boxed e-con e-parent\" data-id=\"2f969c7\" data-element_type=\"container\" data-e-type=\"container\">\n\t\t\t\t\t<div class=\"e-con-inner\">\n\t\t<div class=\"elementor-element elementor-element-065fc05 e-con-full e-flex e-con e-child\" data-id=\"065fc05\" data-element_type=\"container\" data-e-type=\"container\">\n\t\t<div class=\"elementor-element elementor-element-da9decd e-con-full e-flex e-con e-child\" data-id=\"da9decd\" data-element_type=\"container\" data-e-type=\"container\">\n\t\t\t\t<div class=\"elementor-element elementor-element-55b3c3c elementor-widget elementor-widget-iheading\" data-id=\"55b3c3c\" data-element_type=\"widget\" data-e-type=\"widget\" data-widget_type=\"iheading.default\">\n\t\t\t\t<div class=\"elementor-widget-container\">\n\t\t\t\t\t\t\t<div class=\"xp-heading\">\r\n\t        <span class=\"\">Sag Hallo!<\/span>\t        <h2 class=\"main-head\">Kontaktformular<\/h2>\t    <\/div>\r\n\t    \t\t\t\t<\/div>\n\t\t\t\t<\/div>\n\t\t\t\t<div class=\"elementor-element elementor-element-3790d74 dark__form elementor-widget elementor-widget-ictf7\" data-id=\"3790d74\" data-element_type=\"widget\" data-e-type=\"widget\" data-widget_type=\"ictf7.default\">\n\t\t\t\t<div class=\"elementor-widget-container\">\n\t\t\t\t\t<div class=\"elementor-shortcode polishe-cf7-0\">\n<div class=\"wpcf7 no-js\" id=\"wpcf7-f11610-o1\" lang=\"en-US\" dir=\"ltr\" data-wpcf7-id=\"11610\">\n<div class=\"screen-reader-response\"><p role=\"status\" aria-live=\"polite\" aria-atomic=\"true\"><\/p> <ul><\/ul><\/div>\n<form action=\"\/index.php?rest_route=%2Fwp%2Fv2%2Fpages%2F744#wpcf7-f11610-o1\" method=\"post\" class=\"wpcf7-form init\" aria-label=\"Contact form\" novalidate=\"novalidate\" data-status=\"init\">\n<fieldset class=\"hidden-fields-container\"><input type=\"hidden\" name=\"_wpcf7\" value=\"11610\" \/><input type=\"hidden\" name=\"_wpcf7_version\" value=\"6.1.5\" \/><input type=\"hidden\" name=\"_wpcf7_locale\" value=\"en_US\" \/><input type=\"hidden\" name=\"_wpcf7_unit_tag\" value=\"wpcf7-f11610-o1\" \/><input type=\"hidden\" name=\"_wpcf7_container_post\" value=\"0\" \/><input type=\"hidden\" name=\"_wpcf7_posted_data_hash\" value=\"\" \/>\n<\/fieldset>\n<div class=\"light_form\">\n<div class=\"main-form form_icon\">\n        <div class=\"row\">\n\n            <!-- Name -->\n            <p class=\"col-md-6\">\n                <span class=\"main_wraper\">\n                    <i class=\"xpicon xpicon-user-1\"><\/i>\n                    <span class=\"wpcf7-form-control-wrap\" data-name=\"your-name\"><input size=\"40\" maxlength=\"400\" class=\"wpcf7-form-control wpcf7-text wpcf7-validates-as-required\" aria-required=\"true\" aria-invalid=\"false\" placeholder=\"Vor- und Nachnamen\" value=\"\" type=\"text\" name=\"your-name\" \/><\/span>\n                    <span class=\"bottom_line\"><\/span>\n                <\/span>\n            <\/p>\n\n            <!-- Email -->\n            <p class=\"col-md-6\">\n                <span class=\"main_wraper\">\n                    <i class=\"xpicon xpicon-mail\"><\/i>\n                    <span class=\"wpcf7-form-control-wrap\" data-name=\"your-email\"><input size=\"40\" maxlength=\"400\" class=\"wpcf7-form-control wpcf7-email wpcf7-validates-as-required wpcf7-text wpcf7-validates-as-email\" aria-required=\"true\" aria-invalid=\"false\" placeholder=\"Email\" value=\"\" type=\"email\" name=\"your-email\" \/><\/span>\n                    <span class=\"bottom_line\"><\/span>\n                <\/span>\n            <\/p>\n\n        <\/div>\n\n        <div class=\"row\">\n\n            <!-- Telefon -->\n            <p class=\"col-md-6\">\n                <span class=\"main_wraper\">\n                    <i class=\"xpicon xpicon-phone-call\"><\/i>\n                    <span class=\"wpcf7-form-control-wrap\" data-name=\"your-phone\"><input size=\"40\" maxlength=\"400\" class=\"wpcf7-form-control wpcf7-tel wpcf7-validates-as-required wpcf7-text wpcf7-validates-as-tel\" aria-required=\"true\" aria-invalid=\"false\" placeholder=\"Telefonnummer\" value=\"\" type=\"tel\" name=\"your-phone\" \/><\/span>\n                    <span class=\"bottom_line\"><\/span>\n                <\/span>\n            <\/p>\n\n            <!-- Service -->\n            <p class=\"col-md-6\">\n                <span class=\"main_wraper drop_dwn_arrow\">\n                    <i class=\"xpicon xpicon-download-3\"><\/i>\n                    <span class=\"wpcf7-form-control-wrap\" data-name=\"persons\"><select class=\"wpcf7-form-control wpcf7-select wpcf7-validates-as-required select2\" aria-required=\"true\" aria-invalid=\"false\" name=\"persons\"><option value=\"Service ausw\u00e4hlen\">Service ausw\u00e4hlen<\/option><option value=\"Wimpernverl\u00e4ngerung\">Wimpernverl\u00e4ngerung<\/option><option value=\"Augenbrauen &amp; Wimpern\">Augenbrauen &amp; Wimpern<\/option><option value=\"Gesichtsbehandlungen\">Gesichtsbehandlungen<\/option><option value=\"Schulung\">Schulung<\/option><option value=\"Sonstiges\">Sonstiges<\/option><\/select><\/span>\n                    <span class=\"bottom_line\"><\/span>\n                <\/span>\n            <\/p>\n\n        <\/div>\n\n        <!-- Nachricht -->\n        <p>\n            <span class=\"main_wraper\">\n                <i class=\"xpicon xpicon-comment-1\"><\/i>\n                <span class=\"wpcf7-form-control-wrap\" data-name=\"your-message\"><textarea cols=\"40\" rows=\"10\" maxlength=\"2000\" class=\"wpcf7-form-control wpcf7-textarea wpcf7-validates-as-required\" aria-required=\"true\" aria-invalid=\"false\" placeholder=\"Nachricht\" name=\"your-message\"><\/textarea><\/span>\n                <span class=\"bottom_line\"><\/span>\n            <\/span>\n        <\/p>\n\n        <!-- Button + DSGVO -->\n        <div class=\"formButton\">\n                <button type=\"submit\" class=\"xptf-btn xptf-btn-border\">\n                    <span class=\"btn-text\">Absenden<\/span>\n                <\/button>\n\n                <label class=\"custom-checkbox\">\n                    <input type=\"checkbox\" name=\"data_agreement\" required>\n                    <span class=\"checkmark\"><\/span>\n                    <span class=\"checkbox_text\">\n                        Ich akzeptiere die \n                        <a href=\"https:\/\/sara-beauty.de\/?page_id=25445\" target=\"_blank\" rel=\"noopener noreferrer\" class=\"formcheckbox_link\">Datenschutzerkl\u00e4rung*<\/a>\n                    <\/span>\n                <\/label>                \n        <\/div>\n\n    <\/div>\n<\/div><div class=\"wpcf7-response-output\" aria-hidden=\"true\"><\/div>\n<\/form>\n<\/div>\n<\/div>\t\t\t\t<\/div>\n\t\t\t\t<\/div>\n\t\t\t\t<\/div>\n\t\t<div class=\"elementor-element elementor-element-77312c7 e-con-full e-flex e-con e-child\" data-id=\"77312c7\" data-element_type=\"container\" data-e-type=\"container\">\n\t\t<div class=\"elementor-element elementor-element-0bb9162 e-con-full e-flex e-con e-child\" data-id=\"0bb9162\" data-element_type=\"container\" data-e-type=\"container\">\n\t\t<div class=\"elementor-element elementor-element-eeb1913 e-con-full e-flex e-con e-child\" data-id=\"eeb1913\" data-element_type=\"container\" data-e-type=\"container\">\n\t\t\t\t<div class=\"elementor-element elementor-element-d39b9c6 rotate_anim elementor-widget elementor-widget-text-path\" data-id=\"d39b9c6\" data-element_type=\"widget\" data-e-type=\"widget\" data-settings=\"{&quot;text&quot;:&quot;\\u2736 Sara Beauty FFM \\u2736 LASHES \\u2736 SKIN&quot;,&quot;start_point&quot;:{&quot;unit&quot;:&quot;%&quot;,&quot;size&quot;:&quot;&quot;,&quot;sizes&quot;:[]},&quot;link&quot;:{&quot;url&quot;:&quot;&quot;,&quot;is_external&quot;:&quot;&quot;,&quot;nofollow&quot;:&quot;&quot;,&quot;custom_attributes&quot;:&quot;&quot;}}\" data-widget_type=\"text-path.default\">\n\t\t\t\t\t\t\t<div class=\"e-text-path\" data-text=\"\u2736 Sara Beauty FFM \u2736 LASHES \u2736 SKIN\" data-url=\"\/\/sara-beauty.de\/wp-content\/plugins\/elementor\/assets\/svg-paths\/circle.svg\" data-link-url=\"\"><\/div>\n\t\t\t\t\t\t<\/div>\n\t\t\t\t<\/div>\n\t\t\t\t<div class=\"elementor-element elementor-element-69d5670 elementor-widget elementor-widget-iheading\" data-id=\"69d5670\" data-element_type=\"widget\" data-e-type=\"widget\" data-widget_type=\"iheading.default\">\n\t\t\t\t<div class=\"elementor-widget-container\">\n\t\t\t\t\t\t\t<div class=\"xp-heading\">\r\n\t        <span class=\"\">Welcome<\/span>\t        <h2 class=\"main-head\">Kontakt &amp; Termin<\/h2>\t    <\/div>\r\n\t    \t\t\t\t<\/div>\n\t\t\t\t<\/div>\n\t\t<div class=\"elementor-element elementor-element-ed27efb e-con-full e-flex e-con e-child\" data-id=\"ed27efb\" data-element_type=\"container\" data-e-type=\"container\">\n\t\t\t\t<div class=\"elementor-element elementor-element-a49d687 elementor-mobile-align-center elementor-widget elementor-widget-ibutton\" data-id=\"a49d687\" data-element_type=\"widget\" data-e-type=\"widget\" data-widget_type=\"ibutton.default\">\n\t\t\t\t<div class=\"elementor-widget-container\">\n\t\t\t\t\t        <div class=\"xp-button\">\r\n            <a href=\"https:\/\/www.planity.com\/de-DE\" target=\"_blank\" class=\"xptf-btn xptf-btn-border\" data-hover=\"Online Termin\">\r\n                                \r\n                <span class=\"btn-text\">Online Termin<\/span>\r\n                \r\n                            <\/a>\r\n        <\/div>\r\n        \t\t\t\t<\/div>\n\t\t\t\t<\/div>\n\t\t\t\t<div class=\"elementor-element elementor-element-4c20978 elementor-mobile-align-center elementor-widget elementor-widget-ibutton\" data-id=\"4c20978\" data-element_type=\"widget\" data-e-type=\"widget\" data-widget_type=\"ibutton.default\">\n\t\t\t\t<div class=\"elementor-widget-container\">\n\t\t\t\t\t        <div class=\"xp-button\">\r\n            <a href=\"https:\/\/wa.me\/4915259855953\" target=\"_blank\" class=\"xptf-btn xptf-btn-border\" data-hover=\"WhatsApp Termin\">\r\n                                \r\n                <span class=\"btn-text\">WhatsApp Termin<\/span>\r\n                \r\n                            <\/a>\r\n        <\/div>\r\n        \t\t\t\t<\/div>\n\t\t\t\t<\/div>\n\t\t\t\t<\/div>\n\t\t<div class=\"elementor-element elementor-element-b9b61f5 e-con-full e-flex e-con e-child\" data-id=\"b9b61f5\" data-element_type=\"container\" data-e-type=\"container\">\n\t\t\t\t<div class=\"elementor-element elementor-element-e639fdb elementor-widget elementor-widget-text-editor\" data-id=\"e639fdb\" data-element_type=\"widget\" data-e-type=\"widget\" data-widget_type=\"text-editor.default\">\n\t\t\t\t\t\t\t\t\t<p>Burgstra\u00dfe 78,<br \/>60389 Frankfurt am Main<\/p>\t\t\t\t\t\t\t\t<\/div>\n\t\t\t\t<div class=\"elementor-element elementor-element-bd47c52 elementor-widget elementor-widget-text-editor\" data-id=\"bd47c52\" data-element_type=\"widget\" data-e-type=\"widget\" data-widget_type=\"text-editor.default\">\n\t\t\t\t\t\t\t\t\t<div class=\"tp-footer-2-contact-item\">+49 152 598 559 53<\/div>\n<div class=\"tp-footer-2-contact-item\">info@sara-beauty.de<\/div>\t\t\t\t\t\t\t\t<\/div>\n\t\t\t\t<div class=\"elementor-element elementor-element-cc481af elementor-widget elementor-widget-iheading\" data-id=\"cc481af\" data-element_type=\"widget\" data-e-type=\"widget\" data-widget_type=\"iheading.default\">\n\t\t\t\t<div class=\"elementor-widget-container\">\n\t\t\t\t\t\t\t<div class=\"xp-heading\">\r\n\t        \t        <h5 class=\"main-head\">\u00d6ffnungszeiten<\/h5>\t    <\/div>\r\n\t    \t\t\t\t<\/div>\n\t\t\t\t<\/div>\n\t\t\t\t<div class=\"elementor-element elementor-element-1085c38 elementor-widget elementor-widget-text-editor\" data-id=\"1085c38\" data-element_type=\"widget\" data-e-type=\"widget\" data-widget_type=\"text-editor.default\">\n\t\t\t\t\t\t\t\t\t<p>Mo-Fr 09:00 bis 18:00 Uhr<br \/>Sa 09:00 bis 16:00 Uhr<\/p>\t\t\t\t\t\t\t\t<\/div>\n\t\t\t\t<div class=\"elementor-element elementor-element-4edf0c2 elementor-widget elementor-widget-iheading\" data-id=\"4edf0c2\" data-element_type=\"widget\" data-e-type=\"widget\" data-widget_type=\"iheading.default\">\n\t\t\t\t<div class=\"elementor-widget-container\">\n\t\t\t\t\t\t\t<div class=\"xp-heading\">\r\n\t        \t        <h5 class=\"main-head\">Socials<\/h5>\t    <\/div>\r\n\t    \t\t\t\t<\/div>\n\t\t\t\t<\/div>\n\t\t\t\t<div class=\"elementor-element elementor-element-f49c86e elementor-shape-circle e-grid-align-left elementor-grid-0 elementor-widget elementor-widget-social-icons\" data-id=\"f49c86e\" data-element_type=\"widget\" data-e-type=\"widget\" data-widget_type=\"social-icons.default\">\n\t\t\t\t\t\t\t<div class=\"elementor-social-icons-wrapper elementor-grid\" role=\"list\">\n\t\t\t\t\t\t\t<span class=\"elementor-grid-item\" role=\"listitem\">\n\t\t\t\t\t<a class=\"elementor-icon elementor-social-icon elementor-social-icon-instagram elementor-repeater-item-1f454a1\" href=\"https:\/\/www.instagram.com\/sarabeauty_ffm\/\" target=\"_blank\">\n\t\t\t\t\t\t<span class=\"elementor-screen-only\">Instagram<\/span>\n\t\t\t\t\t\t<svg aria-hidden=\"true\" class=\"e-font-icon-svg e-fab-instagram\" viewBox=\"0 0 448 512\" xmlns=\"http:\/\/www.w3.org\/2000\/svg\"><path d=\"M224.1 141c-63.6 0-114.9 51.3-114.9 114.9s51.3 114.9 114.9 114.9S339 319.5 339 255.9 287.7 141 224.1 141zm0 189.6c-41.1 0-74.7-33.5-74.7-74.7s33.5-74.7 74.7-74.7 74.7 33.5 74.7 74.7-33.6 74.7-74.7 74.7zm146.4-194.3c0 14.9-12 26.8-26.8 26.8-14.9 0-26.8-12-26.8-26.8s12-26.8 26.8-26.8 26.8 12 26.8 26.8zm76.1 27.2c-1.7-35.9-9.9-67.7-36.2-93.9-26.2-26.2-58-34.4-93.9-36.2-37-2.1-147.9-2.1-184.9 0-35.8 1.7-67.6 9.9-93.9 36.1s-34.4 58-36.2 93.9c-2.1 37-2.1 147.9 0 184.9 1.7 35.9 9.9 67.7 36.2 93.9s58 34.4 93.9 36.2c37 2.1 147.9 2.1 184.9 0 35.9-1.7 67.7-9.9 93.9-36.2 26.2-26.2 34.4-58 36.2-93.9 2.1-37 2.1-147.8 0-184.8zM398.8 388c-7.8 19.6-22.9 34.7-42.6 42.6-29.5 11.7-99.5 9-132.1 9s-102.7 2.6-132.1-9c-19.6-7.8-34.7-22.9-42.6-42.6-11.7-29.5-9-99.5-9-132.1s-2.6-102.7 9-132.1c7.8-19.6 22.9-34.7 42.6-42.6 29.5-11.7 99.5-9 132.1-9s102.7-2.6 132.1 9c19.6 7.8 34.7 22.9 42.6 42.6 11.7 29.5 9 99.5 9 132.1s2.7 102.7-9 132.1z\"><\/path><\/svg>\t\t\t\t\t<\/a>\n\t\t\t\t<\/span>\n\t\t\t\t\t\t\t<span class=\"elementor-grid-item\" role=\"listitem\">\n\t\t\t\t\t<a class=\"elementor-icon elementor-social-icon elementor-social-icon-tiktok elementor-repeater-item-36fd341\" href=\"https:\/\/www.tiktok.com\/@sarabeauty_ffm\" target=\"_blank\">\n\t\t\t\t\t\t<span class=\"elementor-screen-only\">Tiktok<\/span>\n\t\t\t\t\t\t<svg aria-hidden=\"true\" class=\"e-font-icon-svg e-fab-tiktok\" viewBox=\"0 0 448 512\" xmlns=\"http:\/\/www.w3.org\/2000\/svg\"><path d=\"M448,209.91a210.06,210.06,0,0,1-122.77-39.25V349.38A162.55,162.55,0,1,1,185,188.31V278.2a74.62,74.62,0,1,0,52.23,71.18V0l88,0a121.18,121.18,0,0,0,1.86,22.17h0A122.18,122.18,0,0,0,381,102.39a121.43,121.43,0,0,0,67,20.14Z\"><\/path><\/svg>\t\t\t\t\t<\/a>\n\t\t\t\t<\/span>\n\t\t\t\t\t\t\t<span class=\"elementor-grid-item\" role=\"listitem\">\n\t\t\t\t\t<a class=\"elementor-icon elementor-social-icon elementor-social-icon-whatsapp elementor-repeater-item-62910c6\" href=\"https:\/\/wa.me\/4915259855953\" target=\"_blank\">\n\t\t\t\t\t\t<span class=\"elementor-screen-only\">Whatsapp<\/span>\n\t\t\t\t\t\t<svg aria-hidden=\"true\" class=\"e-font-icon-svg e-fab-whatsapp\" viewBox=\"0 0 448 512\" xmlns=\"http:\/\/www.w3.org\/2000\/svg\"><path d=\"M380.9 97.1C339 55.1 283.2 32 223.9 32c-122.4 0-222 99.6-222 222 0 39.1 10.2 77.3 29.6 111L0 480l117.7-30.9c32.4 17.7 68.9 27 106.1 27h.1c122.3 0 224.1-99.6 224.1-222 0-59.3-25.2-115-67.1-157zm-157 341.6c-33.2 0-65.7-8.9-94-25.7l-6.7-4-69.8 18.3L72 359.2l-4.4-7c-18.5-29.4-28.2-63.3-28.2-98.2 0-101.7 82.8-184.5 184.6-184.5 49.3 0 95.6 19.2 130.4 54.1 34.8 34.9 56.2 81.2 56.1 130.5 0 101.8-84.9 184.6-186.6 184.6zm101.2-138.2c-5.5-2.8-32.8-16.2-37.9-18-5.1-1.9-8.8-2.8-12.5 2.8-3.7 5.6-14.3 18-17.6 21.8-3.2 3.7-6.5 4.2-12 1.4-32.6-16.3-54-29.1-75.5-66-5.7-9.8 5.7-9.1 16.3-30.3 1.8-3.7.9-6.9-.5-9.7-1.4-2.8-12.5-30.1-17.1-41.2-4.5-10.8-9.1-9.3-12.5-9.5-3.2-.2-6.9-.2-10.6-.2-3.7 0-9.7 1.4-14.8 6.9-5.1 5.6-19.4 19-19.4 46.3 0 27.3 19.9 53.7 22.6 57.4 2.8 3.7 39.1 59.7 94.8 83.8 35.2 15.2 49 16.5 66.6 13.9 10.7-1.6 32.8-13.4 37.4-26.4 4.6-13 4.6-24.1 3.2-26.4-1.3-2.5-5-3.9-10.5-6.6z\"><\/path><\/svg>\t\t\t\t\t<\/a>\n\t\t\t\t<\/span>\n\t\t\t\t\t\t\t<span class=\"elementor-grid-item\" role=\"listitem\">\n\t\t\t\t\t<a class=\"elementor-icon elementor-social-icon elementor-social-icon-google elementor-repeater-item-cf33059\" href=\"https:\/\/maps.app.goo.gl\/YvGqmkLqNCuiGyKYA\" target=\"_blank\">\n\t\t\t\t\t\t<span class=\"elementor-screen-only\">Google<\/span>\n\t\t\t\t\t\t<svg aria-hidden=\"true\" class=\"e-font-icon-svg e-fab-google\" viewBox=\"0 0 488 512\" xmlns=\"http:\/\/www.w3.org\/2000\/svg\"><path d=\"M488 261.8C488 403.3 391.1 504 248 504 110.8 504 0 393.2 0 256S110.8 8 248 8c66.8 0 123 24.5 166.3 64.9l-67.5 64.9C258.5 52.6 94.3 116.6 94.3 256c0 86.5 69.1 156.6 153.7 156.6 98.2 0 135-70.4 140.8-106.9H248v-85.3h236.1c2.3 12.7 3.9 24.9 3.9 41.4z\"><\/path><\/svg>\t\t\t\t\t<\/a>\n\t\t\t\t<\/span>\n\t\t\t\t\t<\/div>\n\t\t\t\t\t\t<\/div>\n\t\t\t\t<\/div>\n\t\t\t\t<\/div>\n\t\t\t\t<\/div>\n\t\t\t\t<\/div>\n\t\t<div class=\"elementor-element elementor-element-99ef27b e-con-full e-flex e-con e-child\" data-id=\"99ef27b\" data-element_type=\"container\" data-e-type=\"container\">\n\t\t<div class=\"elementor-element elementor-element-42a38f2 e-con-full e-flex e-con e-child\" data-id=\"42a38f2\" data-element_type=\"container\" data-e-type=\"container\">\n\t\t\t\t<div class=\"elementor-element elementor-element-d5127fb elementor-widget elementor-widget-google_maps\" data-id=\"d5127fb\" data-element_type=\"widget\" data-e-type=\"widget\" data-widget_type=\"google_maps.default\">\n\t\t\t\t\t\t\t<div class=\"elementor-custom-embed\">\n\t\t\t<iframe loading=\"lazy\"\n\t\t\t\t\tsrc=\"https:\/\/maps.google.com\/maps?q=Sara%20Beauty%20Burgstra%C3%9Fe%2078%2C%2060389%20Frankfurt%20am%20Main&#038;t=m&#038;z=15&#038;output=embed&#038;iwloc=near\"\n\t\t\t\t\ttitle=\"Sara Beauty Burgstra\u00dfe 78, 60389 Frankfurt am Main\"\n\t\t\t\t\taria-label=\"Sara Beauty Burgstra\u00dfe 78, 60389 Frankfurt am Main\"\n\t\t\t><\/iframe>\n\t\t<\/div>\n\t\t\t\t\t\t<\/div>\n\t\t\t\t<\/div>\n\t\t\t\t<\/div>\n\t\t\t\t\t<\/div>\n\t\t\t\t<\/div>\n\t\t\t\t<\/div>\n\t\t","protected":false},"excerpt":{"rendered":"<p>Das ist Sara Beauty Kontakt Sag Hallo! Kontaktformular Service ausw\u00e4hlenWimpernverl\u00e4ngerungAugenbrauen &amp; WimpernGesichtsbehandlungenSchulungSonstiges Absenden Ich akzeptiere die Datenschutzerkl\u00e4rung* Welcome Kontakt &amp; Termin Online Termin WhatsApp Termin Burgstra\u00dfe 78, 60389 Frankfurt am Main +49 152 598 559 53 info@sara-beauty.de \u00d6ffnungszeiten Mo-Fr 09:00 bis 18:00 Uhr Sa 09:00 bis 16:00 Uhr Socials Instagram Tiktok Whatsapp Google<\/p>\n","protected":false},"author":1,"featured_media":0,"parent":19666,"menu_order":0,"comment_status":"closed","ping_status":"closed","template":"","meta":{"footnotes":""},"class_list":["post-744","page","type-page","status-publish","hentry"],"_links":{"self":[{"href":"https:\/\/sara-beauty.de\/index.php?rest_route=\/wp\/v2\/pages\/744","targetHints":{"allow":["GET"]}}],"collection":[{"href":"https:\/\/sara-beauty.de\/index.php?rest_route=\/wp\/v2\/pages"}],"about":[{"href":"https:\/\/sara-beauty.de\/index.php?rest_route=\/wp\/v2\/types\/page"}],"author":[{"embeddable":true,"href":"https:\/\/sara-beauty.de\/index.php?rest_route=\/wp\/v2\/users\/1"}],"replies":[{"embeddable":true,"href":"https:\/\/sara-beauty.de\/index.php?rest_route=%2Fwp%2Fv2%2Fcomments&post=744"}],"version-history":[{"count":40,"href":"https:\/\/sara-beauty.de\/index.php?rest_route=\/wp\/v2\/pages\/744\/revisions"}],"predecessor-version":[{"id":25887,"href":"https:\/\/sara-beauty.de\/index.php?rest_route=\/wp\/v2\/pages\/744\/revisions\/25887"}],"up":[{"embeddable":true,"href":"https:\/\/sara-beauty.de\/index.php?rest_route=\/wp\/v2\/pages\/19666"}],"wp:attachment":[{"href":"https:\/\/sara-beauty.de\/index.php?rest_route=%2Fwp%2Fv2%2Fmedia&parent=744"}],"curies":[{"name":"wp","href":"https:\/\/api.w.org\/{rel}","templated":true}]}}